{"id":2871,"date":"2026-01-20T16:56:05","date_gmt":"2026-01-20T15:56:05","guid":{"rendered":"https:\/\/www.derigo.com\/code-of-ethics\/"},"modified":"2026-01-27T13:15:36","modified_gmt":"2026-01-27T12:15:36","slug":"code-of-ethics","status":"publish","type":"page","link":"https:\/\/www.derigo.com\/fr\/code-of-ethics\/","title":{"rendered":"Code of Ethics"},"content":{"rendered":"\n<section class=\"block-spacer -bg-transparent -space-xxl\">\n\n<\/section>\n\n<section class=\"basic-content\">\n  <h1>Code of Ethics<\/h1>\n\n<\/section>\n<section class=\"downloads-grid -bg- -align-\">\n  <ul class=\"downloads-grid__list\">\n          <li class=\"downloads-grid__item\">\n        <p data-inview>Code of Ethics<\/p>\n        \n\n  <a\n    class=\"base-button -tertiary -dark\"\n    href=\"https:\/\/www.derigo.com\/app\/uploads\/2026\/01\/codice_etico_de_rigo_spa_20122010_eng_1__488-1.pdf\"\n    target=\"_blank\"\n    >\n        <span class=\"base-button__label\">Download<\/span>\n          <span class=\"base-button__icon\">\n          \n  <span class=\"base-icon\"><svg width=\"48\" height=\"48\" viewBox=\"0 0 48 48\" fill=\"none\" xmlns=\"http:\/\/www.w3.org\/2000\/svg\">\n<g clip-path=\"url(#clip0_2411_2263)\">\n<path d=\"M24 27V6\" stroke=\"black\" stroke-width=\"1.9\" stroke-linecap=\"round\" stroke-linejoin=\"round\"\/>\n<path d=\"M40.5 27V39H7.5V27\" stroke=\"black\" stroke-width=\"1.9\" stroke-linecap=\"round\" stroke-linejoin=\"round\"\/>\n<path d=\"M31.5 19.5L24 27L16.5 19.5\" stroke=\"black\" stroke-width=\"1.9\" stroke-linecap=\"round\" stroke-linejoin=\"round\"\/>\n<\/g>\n<defs>\n<clipPath id=\"clip0_2411_2263\">\n<rect width=\"48\" height=\"48\" fill=\"white\"\/>\n<\/clipPath>\n<\/defs>\n<\/svg>\n<\/span>\n      <\/span>\n      <\/a>\n      <\/li>\n      <\/ul>\n<\/section>\n<section class=\"basic-content\">\n  <p>On December 20, 2010, DE RIGO SPA adopted the new Code of Ethics for all the companies of the Group in order to promote a high ethical profile of all relationships developed by Group members. This document sets out the ethical principles which should guide the conduct of employees, managers, collaborators, customers and suppliers and, in general, of all those who come into contact with the business reality of the De Rigo Group. <\/p>\n\n<\/section>\n\n<section class=\"block-spacer -bg-transparent -space-xxl\">\n\n<\/section>\n\n","protected":false},"excerpt":{"rendered":"","protected":false},"author":1,"featured_media":0,"parent":0,"menu_order":0,"comment_status":"closed","ping_status":"closed","template":"","meta":{"_acf_changed":false,"footnotes":""},"class_list":["post-2871","page","type-page","status-publish","hentry"],"acf":[],"yoast_head":"<!-- This site is optimized with the Yoast SEO plugin v27.2 - https:\/\/yoast.com\/product\/yoast-seo-wordpress\/ -->\n<title>Code d\u2019\u00c9thique et de Conduite | De Rigo<\/title>\n<meta name=\"description\" content=\"Le 20 d\u00e9cembre 2010, nous avons adopt\u00e9 un nouveau Code d\u2019\u00c9thique pour l\u2019ensemble des soci\u00e9t\u00e9s du Groupe, afin de promouvoir les plus hauts standards \u00e9thiques.\" \/>\n<meta name=\"robots\" content=\"index, follow, max-snippet:-1, max-image-preview:large, max-video-preview:-1\" \/>\n<link rel=\"canonical\" href=\"https:\/\/www.derigo.com\/fr\/code-of-ethics\/\" \/>\n<!-- \/ Yoast SEO plugin. -->","yoast_head_json":{"title":"Code d\u2019\u00c9thique et de Conduite | De Rigo","description":"Le 20 d\u00e9cembre 2010, nous avons adopt\u00e9 un nouveau Code d\u2019\u00c9thique pour l\u2019ensemble des soci\u00e9t\u00e9s du Groupe, afin de promouvoir les plus hauts standards \u00e9thiques.","robots":{"index":"index","follow":"follow","max-snippet":"max-snippet:-1","max-image-preview":"max-image-preview:large","max-video-preview":"max-video-preview:-1"},"canonical":"https:\/\/www.derigo.com\/fr\/code-of-ethics\/","schema":{"@context":"https:\/\/schema.org","@graph":[{"@type":"WebPage","@id":"https:\/\/www.derigo.com\/fr\/code-of-ethics\/","url":"https:\/\/www.derigo.com\/fr\/code-of-ethics\/","name":"Code d\u2019\u00c9thique et de Conduite | De Rigo","isPartOf":{"@id":"https:\/\/www.derigo.com\/fr\/#website"},"datePublished":"2026-01-20T15:56:05+00:00","dateModified":"2026-01-27T12:15:36+00:00","description":"Le 20 d\u00e9cembre 2010, nous avons adopt\u00e9 un nouveau Code d\u2019\u00c9thique pour l\u2019ensemble des soci\u00e9t\u00e9s du Groupe, afin de promouvoir les plus hauts standards \u00e9thiques.","breadcrumb":{"@id":"https:\/\/www.derigo.com\/fr\/code-of-ethics\/#breadcrumb"},"inLanguage":"fr-FR","potentialAction":[{"@type":"ReadAction","target":["https:\/\/www.derigo.com\/fr\/code-of-ethics\/"]}]},{"@type":"BreadcrumbList","@id":"https:\/\/www.derigo.com\/fr\/code-of-ethics\/#breadcrumb","itemListElement":[{"@type":"ListItem","position":1,"name":"Home","item":"https:\/\/www.derigo.com\/fr\/"},{"@type":"ListItem","position":2,"name":"Code of Ethics"}]},{"@type":"WebSite","@id":"https:\/\/www.derigo.com\/fr\/#website","url":"https:\/\/www.derigo.com\/fr\/","name":"De Rigo","description":"","publisher":{"@id":"https:\/\/www.derigo.com\/fr\/#organization"},"potentialAction":[{"@type":"SearchAction","target":{"@type":"EntryPoint","urlTemplate":"https:\/\/www.derigo.com\/fr\/?s={search_term_string}"},"query-input":{"@type":"PropertyValueSpecification","valueRequired":true,"valueName":"search_term_string"}}],"inLanguage":"fr-FR"},{"@type":"Organization","@id":"https:\/\/www.derigo.com\/fr\/#organization","name":"De Rigo","url":"https:\/\/www.derigo.com\/fr\/","logo":{"@type":"ImageObject","inLanguage":"fr-FR","@id":"https:\/\/www.derigo.com\/fr\/#\/schema\/logo\/image\/","url":"https:\/\/www.derigo.com\/app\/uploads\/2026\/01\/Timeline-38.jpg","contentUrl":"https:\/\/www.derigo.com\/app\/uploads\/2026\/01\/Timeline-38.jpg","width":"618","height":"788","caption":"De Rigo"},"image":{"@id":"https:\/\/www.derigo.com\/fr\/#\/schema\/logo\/image\/"}}]}},"_links":{"self":[{"href":"https:\/\/www.derigo.com\/fr\/wp-json\/wp\/v2\/pages\/2871","targetHints":{"allow":["GET"]}}],"collection":[{"href":"https:\/\/www.derigo.com\/fr\/wp-json\/wp\/v2\/pages"}],"about":[{"href":"https:\/\/www.derigo.com\/fr\/wp-json\/wp\/v2\/types\/page"}],"author":[{"embeddable":true,"href":"https:\/\/www.derigo.com\/fr\/wp-json\/wp\/v2\/users\/1"}],"replies":[{"embeddable":true,"href":"https:\/\/www.derigo.com\/fr\/wp-json\/wp\/v2\/comments?post=2871"}],"version-history":[{"count":1,"href":"https:\/\/www.derigo.com\/fr\/wp-json\/wp\/v2\/pages\/2871\/revisions"}],"predecessor-version":[{"id":2873,"href":"https:\/\/www.derigo.com\/fr\/wp-json\/wp\/v2\/pages\/2871\/revisions\/2873"}],"wp:attachment":[{"href":"https:\/\/www.derigo.com\/fr\/wp-json\/wp\/v2\/media?parent=2871"}],"curies":[{"name":"wp","href":"https:\/\/api.w.org\/{rel}","templated":true}]}}