{"id":1961,"date":"2025-11-24T14:00:09","date_gmt":"2025-11-24T13:00:09","guid":{"rendered":"https:\/\/www.derigo.com\/governance\/"},"modified":"2026-01-27T13:12:50","modified_gmt":"2026-01-27T12:12:50","slug":"governance","status":"publish","type":"page","link":"https:\/\/www.derigo.com\/es\/governance\/","title":{"rendered":"Governance"},"content":{"rendered":"<section class=\"hero-simple -content-type-groups\">\n  <div class=\"hero-simple__intro\">\n    <div class=\"hero-simple__intro-head\">\n      <p class=\"hero-simple__pretitle\" data-inview>GOVERNANCE<\/p>\n      <h1 data-inview>Nuestra gobernanza<\/h1>\n    <\/div>\n    <p class=\"hero-simple__intro-text\" data-inview>Una gobernanza fuerte es la base de nuestra visi\u00f3n. Lideramos la empresa con responsabilidad, transparencia y decisiones compartidas, garantizando un equilibrio entre estrategia, \u00e9tica y crecimiento. \r\nCada decisi\u00f3n surge del di\u00e1logo y del respeto hacia nuestros grupos de inter\u00e9s. <\/p>\n          <div id=\"extra\" class=\"hero-simple__extras\">\n                  <div class=\"hero-simple__extra\">\n            <p data-inview>Sede social<br>Z.I. Villanova 12 &#8211; 32013<br>Longarone (BL) Italia<\/p>\n          <\/div>\n                          <div class=\"hero-simple__extra\">\n            <p data-inview>REA: 88478<br>n\u00famero de IVA: 01001050259<br>capital social: 10000000 <\/p>\n          <\/div>\n              <\/div>\n      <\/div>\n  <div class=\"hero-simple__divider\"><\/div>\n  <div class=\"hero-simple__content\">\n                  <div class=\"hero-simple__group\">\n                                <p class=\"hero-simple__pretitle\" data-inview><\/p>\n            <div class=\"hero-simple__people\">\n                          <\/div>\n                  <\/div>\n              <div class=\"hero-simple__group\">\n                                <p class=\"hero-simple__pretitle\" data-inview><\/p>\n            <div class=\"hero-simple__people\">\n                          <\/div>\n                  <\/div>\n              <div class=\"hero-simple__group\">\n                                              <div class=\"hero-simple__ctas\">\n                \n\n  <a\n    class=\"base-button -tertiary -dark\"\n    href=\"\/es\/whistleblowing\/\"\n    target=\"_self\"\n    >\n        <span class=\"base-button__label\">Whistleblowing<\/span>\n          <span class=\"base-button__icon\">\n          \n  <span class=\"base-icon\"><svg width=\"48\" height=\"48\" viewBox=\"0 0 48 48\" fill=\"none\" xmlns=\"http:\/\/www.w3.org\/2000\/svg\">\n<g clip-path=\"url(#clip0_2411_1786)\">\n<path d=\"M7.5 24H40.5\" stroke=\"currentColor\" stroke-width=\"1.9\" stroke-linecap=\"round\" stroke-linejoin=\"round\"\/>\n<path d=\"M27 10.5L40.5 24L27 37.5\" stroke=\"currentColor\" stroke-width=\"1.9\" stroke-linecap=\"round\" stroke-linejoin=\"round\"\/>\n<\/g>\n<defs>\n<clipPath id=\"clip0_2411_1786\">\n<rect width=\"48\" height=\"48\" fill=\"white\"\/>\n<\/clipPath>\n<\/defs>\n<\/svg>\n<\/span>\n      <\/span>\n      <\/a>\n              <\/div>\n                          <div class=\"hero-simple__ctas\">\n                \n\n  <a\n    class=\"base-button -tertiary -dark\"\n    href=\"\/es\/code-of-ethics\/\"\n    target=\"_self\"\n    >\n        <span class=\"base-button__label\">Code of Ethics<\/span>\n          <span class=\"base-button__icon\">\n          \n  <span class=\"base-icon\"><svg width=\"48\" height=\"48\" viewBox=\"0 0 48 48\" fill=\"none\" xmlns=\"http:\/\/www.w3.org\/2000\/svg\">\n<g clip-path=\"url(#clip0_2411_1786)\">\n<path d=\"M7.5 24H40.5\" stroke=\"currentColor\" stroke-width=\"1.9\" stroke-linecap=\"round\" stroke-linejoin=\"round\"\/>\n<path d=\"M27 10.5L40.5 24L27 37.5\" stroke=\"currentColor\" stroke-width=\"1.9\" stroke-linecap=\"round\" stroke-linejoin=\"round\"\/>\n<\/g>\n<defs>\n<clipPath id=\"clip0_2411_1786\">\n<rect width=\"48\" height=\"48\" fill=\"white\"\/>\n<\/clipPath>\n<\/defs>\n<\/svg>\n<\/span>\n      <\/span>\n      <\/a>\n              <\/div>\n                          <div class=\"hero-simple__ctas\">\n                \n\n  <a\n    class=\"base-button -tertiary -dark\"\n    href=\"\/es\/model-under-law-decree-231\/\"\n    target=\"_self\"\n    >\n        <span class=\"base-button__label\">Model under law decree 231<\/span>\n          <span class=\"base-button__icon\">\n          \n  <span class=\"base-icon\"><svg width=\"48\" height=\"48\" viewBox=\"0 0 48 48\" fill=\"none\" xmlns=\"http:\/\/www.w3.org\/2000\/svg\">\n<g clip-path=\"url(#clip0_2411_1786)\">\n<path d=\"M7.5 24H40.5\" stroke=\"currentColor\" stroke-width=\"1.9\" stroke-linecap=\"round\" stroke-linejoin=\"round\"\/>\n<path d=\"M27 10.5L40.5 24L27 37.5\" stroke=\"currentColor\" stroke-width=\"1.9\" stroke-linecap=\"round\" stroke-linejoin=\"round\"\/>\n<\/g>\n<defs>\n<clipPath id=\"clip0_2411_1786\">\n<rect width=\"48\" height=\"48\" fill=\"white\"\/>\n<\/clipPath>\n<\/defs>\n<\/svg>\n<\/span>\n      <\/span>\n      <\/a>\n              <\/div>\n                              <\/div>\n              <div class=\"hero-simple__group\">\n                                              <div class=\"hero-simple__download\">\n                <p data-inview>Harassment management procedure<\/p>\n                \n\n  <a\n    class=\"base-button -tertiary -dark\"\n    href=\"https:\/\/www.derigo.com\/app\/uploads\/2026\/01\/p009_gestione_molestie_15.09.25_2276-3.pdf\"\n    target=\"_blank\"\n    >\n        <span class=\"base-button__label\">Download<\/span>\n          <span class=\"base-button__icon\">\n          \n  <span class=\"base-icon\"><svg width=\"48\" height=\"48\" viewBox=\"0 0 48 48\" fill=\"none\" xmlns=\"http:\/\/www.w3.org\/2000\/svg\">\n<g clip-path=\"url(#clip0_2411_2263)\">\n<path d=\"M24 27V6\" stroke=\"black\" stroke-width=\"1.9\" stroke-linecap=\"round\" stroke-linejoin=\"round\"\/>\n<path d=\"M40.5 27V39H7.5V27\" stroke=\"black\" stroke-width=\"1.9\" stroke-linecap=\"round\" stroke-linejoin=\"round\"\/>\n<path d=\"M31.5 19.5L24 27L16.5 19.5\" stroke=\"black\" stroke-width=\"1.9\" stroke-linecap=\"round\" stroke-linejoin=\"round\"\/>\n<\/g>\n<defs>\n<clipPath id=\"clip0_2411_2263\">\n<rect width=\"48\" height=\"48\" fill=\"white\"\/>\n<\/clipPath>\n<\/defs>\n<\/svg>\n<\/span>\n      <\/span>\n      <\/a>\n              <\/div>\n                              <\/div>\n            <\/div>\n<\/section>\n\n\n<div id=\"contact-form\" class=\"contact-form\" x-data=\"contactForm\">\n  <div class=\"contact-form__container\">\n    <h2>Solicita informaci\u00f3n<\/h6>\n          \n<div class=\"wpcf7 no-js\" id=\"wpcf7-f990-o1\" lang=\"es-ES\" dir=\"ltr\" data-wpcf7-id=\"990\">\n<div class=\"screen-reader-response\"><p role=\"status\" aria-live=\"polite\" aria-atomic=\"true\"><\/p> <ul><\/ul><\/div>\n<form action=\"\/es\/wp-json\/wp\/v2\/pages\/1961#wpcf7-f990-o1\" method=\"post\" class=\"wpcf7-form init\" aria-label=\"Contact form\" novalidate=\"novalidate\" data-status=\"init\">\n<fieldset class=\"hidden-fields-container\"><input type=\"hidden\" name=\"_wpcf7\" value=\"990\" \/><input type=\"hidden\" name=\"_wpcf7_version\" value=\"6.1.5\" \/><input type=\"hidden\" name=\"_wpcf7_locale\" value=\"es_ES\" \/><input type=\"hidden\" name=\"_wpcf7_unit_tag\" value=\"wpcf7-f990-o1\" \/><input type=\"hidden\" name=\"_wpcf7_container_post\" value=\"0\" \/><input type=\"hidden\" name=\"_wpcf7_posted_data_hash\" value=\"\" \/><input type=\"hidden\" name=\"_wpcf7_recaptcha_response\" value=\"\" \/>\n<\/fieldset>\n<div class=\"cf-grid\">\n\t<div class=\"cf-field\">\n\t\t<p><label class=\"cf-field-label\"> Nombre* <\/label><br \/>\n<span class=\"wpcf7-form-control-wrap\" data-name=\"your-name\"><input size=\"40\" maxlength=\"400\" class=\"wpcf7-form-control wpcf7-text wpcf7-validates-as-required\" aria-required=\"true\" aria-invalid=\"false\" placeholder=\"Tu nombre\" value=\"\" type=\"text\" name=\"your-name\" \/><\/span>\n\t\t<\/p>\n\t<\/div>\n\t<div class=\"cf-field\">\n\t\t<p><label class=\"cf-field-label\"> Apellido* <\/label><br \/>\n<span class=\"wpcf7-form-control-wrap\" data-name=\"your-surname\"><input size=\"40\" maxlength=\"400\" class=\"wpcf7-form-control wpcf7-text wpcf7-validates-as-required\" aria-required=\"true\" aria-invalid=\"false\" placeholder=\"Tu apellido\" value=\"\" type=\"text\" name=\"your-surname\" \/><\/span>\n\t\t<\/p>\n\t<\/div>\n\t<div class=\"cf-field\">\n\t\t<p><label class=\"cf-field-label\"> Empresa* <\/label><br \/>\n<span class=\"wpcf7-form-control-wrap\" data-name=\"your-company\"><input size=\"40\" maxlength=\"400\" class=\"wpcf7-form-control wpcf7-text wpcf7-validates-as-required\" aria-required=\"true\" aria-invalid=\"false\" placeholder=\"Tu empresa\" value=\"\" type=\"text\" name=\"your-company\" \/><\/span>\n\t\t<\/p>\n\t<\/div>\n\t<div class=\"cf-field\">\n\t\t<p><label class=\"cf-field-label\"> Correo electr\u00f3nico* <\/label><br \/>\n<span class=\"wpcf7-form-control-wrap\" data-name=\"your-email\"><input size=\"40\" maxlength=\"400\" class=\"wpcf7-form-control wpcf7-email wpcf7-validates-as-required wpcf7-text wpcf7-validates-as-email\" aria-required=\"true\" aria-invalid=\"false\" placeholder=\"Tu correo electr\u00f3nico\" value=\"\" type=\"email\" name=\"your-email\" \/><\/span>\n\t\t<\/p>\n\t<\/div>\n\t<div class=\"cf-field\">\n\t\t<p><label class=\"cf-field-label\"> Ciudad* <\/label><br \/>\n<span class=\"wpcf7-form-control-wrap\" data-name=\"your-city\"><input size=\"40\" maxlength=\"400\" class=\"wpcf7-form-control wpcf7-text wpcf7-validates-as-required\" aria-required=\"true\" aria-invalid=\"false\" placeholder=\"Tu ciudad\" value=\"\" type=\"text\" name=\"your-city\" \/><\/span>\n\t\t<\/p>\n\t<\/div>\n\t<div class=\"cf-field\">\n\t\t<p><label class=\"cf-field-label\"> Pa\u00eds* <\/label><br \/>\n<span class=\"wpcf7-form-control-wrap\" data-name=\"your-country\"><input size=\"40\" maxlength=\"400\" class=\"wpcf7-form-control wpcf7-text wpcf7-validates-as-required\" aria-required=\"true\" aria-invalid=\"false\" placeholder=\"Tu pa\u00eds\" value=\"\" type=\"text\" name=\"your-country\" \/><\/span>\n\t\t<\/p>\n\t<\/div>\n\t<div class=\"cf-field -colspan-2\">\n\t\t<p><label class=\"cf-field-label\"> Seleccione el tipo de contacto* <\/label><br \/>\n<span class=\"wpcf7-form-control-wrap\" data-name=\"your-type\"><span class=\"wpcf7-form-control wpcf7-radio derigo-type\"><span class=\"wpcf7-list-item first\"><label><input type=\"radio\" name=\"your-type\" value=\"Colaboraciones comerciales\" \/><span class=\"wpcf7-list-item-label\">Colaboraciones comerciales<\/span><\/label><\/span><span class=\"wpcf7-list-item\"><label><input type=\"radio\" name=\"your-type\" value=\"Marketing\" \/><span class=\"wpcf7-list-item-label\">Marketing<\/span><\/label><\/span><span class=\"wpcf7-list-item\"><label><input type=\"radio\" name=\"your-type\" value=\"Asistencia t\u00e9cnica\" \/><span class=\"wpcf7-list-item-label\">Asistencia t\u00e9cnica<\/span><\/label><\/span><span class=\"wpcf7-list-item\"><label><input type=\"radio\" name=\"your-type\" value=\"Informaci\u00f3n sobre los productos\" \/><span class=\"wpcf7-list-item-label\">Informaci\u00f3n sobre los productos<\/span><\/label><\/span><span class=\"wpcf7-list-item last\"><label><input type=\"radio\" name=\"your-type\" value=\"Trabaja con nosotros\" \/><span class=\"wpcf7-list-item-label\">Trabaja con nosotros<\/span><\/label><\/span><\/span><\/span>\n\t\t<\/p>\n\t<\/div>\n\t<div class=\"cf-field -colspan-2\">\n\t\t<p><label class=\"cf-field-label\"> Mensaje* <\/label><br \/>\n<span class=\"wpcf7-form-control-wrap\" data-name=\"your-message\"><textarea cols=\"40\" rows=\"10\" maxlength=\"2000\" class=\"wpcf7-form-control wpcf7-textarea wpcf7-validates-as-required\" aria-required=\"true\" aria-invalid=\"false\" placeholder=\"Tu mensaje...\" name=\"your-message\"><\/textarea><\/span>\n\t\t<\/p>\n\t<\/div>\n<\/div>\n<div class=\"cf-row-submit\">\n\t<div class=\"cf-acceptance\">\n\t\t<p><label><span class=\"wpcf7-form-control-wrap\" data-name=\"gdpr\"><span class=\"wpcf7-form-control wpcf7-acceptance\"><span class=\"wpcf7-list-item\"><label><input type=\"checkbox\" name=\"gdpr\" value=\"1\" aria-invalid=\"false\" \/><span class=\"wpcf7-list-item-label\">Autorizo el tratamiento de mis datos personales &#8211; <a href=\"\/es\/politica-de-privacidad\/\" target=\"_blank\">pol\u00edtica de privacidad<\/a><\/span><\/label><\/span><\/span><\/span><\/label>\n\t\t<\/p>\n\t\t<p> * Campos obligatorios\n\t\t<\/p>\n\t<\/div>\n\t<div class=\"cf-submit\">\n\t\t<div class=\" base-button -dark -icon -primary \">\n\t\t\t<p><button type=\"submit\" class=\"base-button__wrapper\"><br \/>\n<span class=\"base-button__icon\"><br \/>\n<span class=\"base-icon\"><svg xmlns=\"http:\/\/www.w3.org\/2000\/svg\" width=\"24\" height=\"24\" viewbox=\"0 0 24 24\" fill=\"none\">\n<path d=\"M4.63379 12H19.6338M19.6338 12L13.6338 6M19.6338 12L13.6338 18\" stroke=\"currentColor\" stroke-linecap=\"round\" stroke-linejoin=\"round\"><\/path>\n<\/svg><\/span><\/span><br \/>\n<span class=\"base-button__label\">Enviar<\/span><br \/>\n<span class=\"base-button__icon\"><br \/>\n<span class=\"base-icon\"><svg xmlns=\"http:\/\/www.w3.org\/2000\/svg\" width=\"24\" height=\"24\" viewbox=\"0 0 24 24\" fill=\"none\">\n<path d=\"M4.63379 12H19.6338M19.6338 12L13.6338 6M19.6338 12L13.6338 18\" stroke=\"currentColor\" stroke-linecap=\"round\" stroke-linejoin=\"round\"><\/path>\n<\/svg><\/span><\/span><br \/>\n<\/button>\n\t\t\t<\/p>\n\t\t<\/div>\n\t<\/div>\n<\/div>\n<div class=\"wpcf7-response-output\" aria-hidden=\"true\"><\/div>\n<\/form>\n<\/div>\n\n      <\/div>\n<\/div>\n","protected":false},"excerpt":{"rendered":"","protected":false},"author":1,"featured_media":0,"parent":0,"menu_order":5,"comment_status":"closed","ping_status":"closed","template":"","meta":{"_acf_changed":false,"footnotes":""},"class_list":["post-1961","page","type-page","status-publish","hentry"],"acf":[],"yoast_head":"<!-- This site is optimized with the Yoast SEO plugin v27.2 - https:\/\/yoast.com\/product\/yoast-seo-wordpress\/ -->\n<title>Gobernanza Corporativa y Liderazgo | De Rigo<\/title>\n<meta name=\"description\" content=\"Dirigimos la empresa con responsabilidad, transparencia y decisiones compartidas, garantizando el equilibrio entre estrategia, \u00e9tica y crecimiento\" \/>\n<meta name=\"robots\" content=\"index, follow, max-snippet:-1, max-image-preview:large, max-video-preview:-1\" \/>\n<link rel=\"canonical\" href=\"https:\/\/www.derigo.com\/es\/governance\/\" \/>\n<!-- \/ Yoast SEO plugin. -->","yoast_head_json":{"title":"Gobernanza Corporativa y Liderazgo | De Rigo","description":"Dirigimos la empresa con responsabilidad, transparencia y decisiones compartidas, garantizando el equilibrio entre estrategia, \u00e9tica y crecimiento","robots":{"index":"index","follow":"follow","max-snippet":"max-snippet:-1","max-image-preview":"max-image-preview:large","max-video-preview":"max-video-preview:-1"},"canonical":"https:\/\/www.derigo.com\/es\/governance\/","schema":{"@context":"https:\/\/schema.org","@graph":[{"@type":"WebPage","@id":"https:\/\/www.derigo.com\/es\/governance\/","url":"https:\/\/www.derigo.com\/es\/governance\/","name":"Gobernanza Corporativa y Liderazgo | De Rigo","isPartOf":{"@id":"https:\/\/www.derigo.com\/es\/#website"},"datePublished":"2025-11-24T13:00:09+00:00","dateModified":"2026-01-27T12:12:50+00:00","description":"Dirigimos la empresa con responsabilidad, transparencia y decisiones compartidas, garantizando el equilibrio entre estrategia, \u00e9tica y crecimiento","breadcrumb":{"@id":"https:\/\/www.derigo.com\/es\/governance\/#breadcrumb"},"inLanguage":"es-ES","potentialAction":[{"@type":"ReadAction","target":["https:\/\/www.derigo.com\/es\/governance\/"]}]},{"@type":"BreadcrumbList","@id":"https:\/\/www.derigo.com\/es\/governance\/#breadcrumb","itemListElement":[{"@type":"ListItem","position":1,"name":"Home","item":"https:\/\/www.derigo.com\/es\/"},{"@type":"ListItem","position":2,"name":"Governance"}]},{"@type":"WebSite","@id":"https:\/\/www.derigo.com\/es\/#website","url":"https:\/\/www.derigo.com\/es\/","name":"De Rigo","description":"","publisher":{"@id":"https:\/\/www.derigo.com\/es\/#organization"},"potentialAction":[{"@type":"SearchAction","target":{"@type":"EntryPoint","urlTemplate":"https:\/\/www.derigo.com\/es\/?s={search_term_string}"},"query-input":{"@type":"PropertyValueSpecification","valueRequired":true,"valueName":"search_term_string"}}],"inLanguage":"es-ES"},{"@type":"Organization","@id":"https:\/\/www.derigo.com\/es\/#organization","name":"De Rigo","url":"https:\/\/www.derigo.com\/es\/","logo":{"@type":"ImageObject","inLanguage":"es-ES","@id":"https:\/\/www.derigo.com\/es\/#\/schema\/logo\/image\/","url":"https:\/\/www.derigo.com\/app\/uploads\/2026\/01\/Timeline-38.jpg","contentUrl":"https:\/\/www.derigo.com\/app\/uploads\/2026\/01\/Timeline-38.jpg","width":"618","height":"788","caption":"De Rigo"},"image":{"@id":"https:\/\/www.derigo.com\/es\/#\/schema\/logo\/image\/"}}]}},"_links":{"self":[{"href":"https:\/\/www.derigo.com\/es\/wp-json\/wp\/v2\/pages\/1961","targetHints":{"allow":["GET"]}}],"collection":[{"href":"https:\/\/www.derigo.com\/es\/wp-json\/wp\/v2\/pages"}],"about":[{"href":"https:\/\/www.derigo.com\/es\/wp-json\/wp\/v2\/types\/page"}],"author":[{"embeddable":true,"href":"https:\/\/www.derigo.com\/es\/wp-json\/wp\/v2\/users\/1"}],"replies":[{"embeddable":true,"href":"https:\/\/www.derigo.com\/es\/wp-json\/wp\/v2\/comments?post=1961"}],"version-history":[{"count":3,"href":"https:\/\/www.derigo.com\/es\/wp-json\/wp\/v2\/pages\/1961\/revisions"}],"predecessor-version":[{"id":2895,"href":"https:\/\/www.derigo.com\/es\/wp-json\/wp\/v2\/pages\/1961\/revisions\/2895"}],"wp:attachment":[{"href":"https:\/\/www.derigo.com\/es\/wp-json\/wp\/v2\/media?parent=1961"}],"curies":[{"name":"wp","href":"https:\/\/api.w.org\/{rel}","templated":true}]}}